{"id":12913,"date":"2017-08-11T08:28:43","date_gmt":"2017-08-11T01:28:43","guid":{"rendered":"https:\/\/beaumonde.ee\/kontakt\/"},"modified":"2024-11-19T13:48:07","modified_gmt":"2024-11-19T10:48:07","slug":"contact","status":"publish","type":"page","link":"https:\/\/beaumonde.ee\/en\/contact\/","title":{"rendered":"Contact"},"content":{"rendered":"<div data-vc-full-width=\"true\" data-vc-full-width-init=\"false\" data-vc-stretch-content=\"true\" class=\"vc_row wpb_row vc_row-fluid vc_custom_1537155515991 responsive_js_composer_custom_css_794516924\"><div class=\"wpb_column vc_column_container vc_col-sm-12\"><div class=\"vc_column-inner\"><div class=\"wpb_wrapper\">            <div class=\"ciloe-google-maps  ciloe_custom_css_1564375827   responsive_js_composer_custom_css_788745482\"\r\n                 id=\"ciloe_custom_css_1564375827\"\r\n                 data-hue=\"\"\r\n                 data-lightness=\"1\"\r\n                 data-map-style=\"1\"\r\n                 data-saturation=\"-99\"\r\n                 data-title_maps=\"BeauMonde\"\r\n                 data-phone=\"+372 620 9262\"\r\n                 data-email=\"beaumonde@npm.ee\"\r\n                 data-address=\"V\u00e4ike-Karja 1, 10140 Tallinn\"\r\n                 data-longitude=\"59.436642\"\r\n                 data-latitude=\"24.747959\"\r\n                 data-pin-icon=\"\"\r\n                 data-zoom=\"15\"\r\n                 data-map-type=\"ROADMAP\">\r\n            <\/div>\r\n\t\t\t<\/div><\/div><\/div><\/div><div class=\"vc_row-full-width vc_clearfix\"><\/div><div class=\"vc_row wpb_row vc_row-fluid vc_custom_1530168621962 responsive_js_composer_custom_css_448427304\"><div class=\"wpb_column vc_column_container vc_col-sm-12 vc_col-lg-offset-1 vc_col-lg-10 vc_col-md-12 responsive_js_composer_custom_css_1912204767\"><div class=\"vc_column-inner vc_custom_1502416627540\"><div class=\"wpb_wrapper\"><div class=\"vc_row wpb_row vc_inner vc_row-fluid vc_custom_1502414455924 responsive_js_composer_custom_css_875872194\"><div class=\"wpb_column vc_column_container vc_col-sm-6 responsive_js_composer_custom_css_878647616\"><div class=\"vc_column-inner vc_custom_1502425479270\"><div class=\"wpb_wrapper\"><h4 style=\"font-size: 16px;color: #000000;line-height: 24px;text-align: left\" class=\"vc_custom_heading spacing03 vc_custom_1610037148150 responsive_js_composer_custom_css_603971826\" >Contact us<\/h4><div role=\"form\" class=\"wpcf7\" id=\"wpcf7-f14122-o1\" lang=\"en-US\" dir=\"ltr\">\n<div class=\"screen-reader-response\"><p role=\"status\" aria-live=\"polite\" aria-atomic=\"true\"><\/p> <ul><\/ul><\/div>\n<form action=\"\/en\/wp-json\/wp\/v2\/pages\/12913#wpcf7-f14122-o1\" method=\"post\" class=\"wpcf7-form init demo\" novalidate=\"novalidate\" data-status=\"init\">\n<div style=\"display: none;\">\n<input type=\"hidden\" name=\"_wpcf7\" value=\"14122\" \/>\n<input type=\"hidden\" name=\"_wpcf7_version\" value=\"5.5.6.1\" \/>\n<input type=\"hidden\" name=\"_wpcf7_locale\" value=\"en_US\" \/>\n<input type=\"hidden\" name=\"_wpcf7_unit_tag\" value=\"wpcf7-f14122-o1\" \/>\n<input type=\"hidden\" name=\"_wpcf7_container_post\" value=\"0\" \/>\n<input type=\"hidden\" name=\"_wpcf7_posted_data_hash\" value=\"\" \/>\n<input type=\"hidden\" name=\"_wpcf7_recaptcha_response\" value=\"\" \/>\n<\/div>\n<div class=\"contact-form-container\">\n<div class=\"row\">\n<div class=\"col-sm-12\">\n   <label><span class=\"contact-label\">Name<span class=\"required\">*<\/span><\/span><br \/>\n    <span class=\"wpcf7-form-control-wrap your-name\"><input type=\"text\" name=\"your-name\" value=\"\" size=\"40\" class=\"wpcf7-form-control wpcf7-text wpcf7-validates-as-required\" aria-required=\"true\" aria-invalid=\"false\" \/><\/span> <\/label>\n  <\/div>\n<div class=\"col-sm-12\">\n   <label><span class=\"contact-label\">E-mail address<span class=\"required\">*<\/span><\/span><br \/>\n    <span class=\"wpcf7-form-control-wrap your-email\"><input type=\"email\" name=\"your-email\" value=\"\" size=\"40\" class=\"wpcf7-form-control wpcf7-text wpcf7-email wpcf7-validates-as-required wpcf7-validates-as-email\" aria-required=\"true\" aria-invalid=\"false\" \/><\/span> <\/label>\n  <\/div>\n<div class=\"col-sm-12\">\n   <label><span class=\"contact-label\">Your Message<\/span><br \/>\n    <span class=\"wpcf7-form-control-wrap your-message\"><textarea name=\"your-message\" cols=\"40\" rows=\"7\" class=\"wpcf7-form-control wpcf7-textarea\" aria-invalid=\"false\"><\/textarea><\/span> <\/label>\n  <\/div>\n<div class=\"col-sm-12\">\n<div class=\"contact-submit\">\n    <input type=\"submit\" value=\"Submit\" class=\"wpcf7-form-control has-spinner wpcf7-submit\" \/>\n   <\/div>\n<\/div>\n<\/div>\n<\/div>\n<div class=\"wpcf7-response-output\" aria-hidden=\"true\"><\/div><\/form><\/div><\/div><\/div><\/div><div class=\"wpb_column vc_column_container vc_col-sm-6 responsive_js_composer_custom_css_1977730815\"><div class=\"vc_column-inner vc_custom_1502416709608\"><div class=\"wpb_wrapper\"><h4 style=\"font-size: 16px;color: #000000;line-height: 24px;text-align: left\" class=\"vc_custom_heading spacing03 vc_custom_1610037140627 responsive_js_composer_custom_css_1563752979\" >Contacts<\/h4>\n\t<div class=\"wpb_text_column wpb_content_element  vc_custom_1732013282771 responsive_js_composer_custom_css_1674579943\" >\n\t\t<div class=\"wpb_wrapper\">\n\t\t\t<p>Va\u0308ike-Karja 1, Tallinn<br \/>\n+372 620 9262<\/p>\n<p>Natalja, Manager<br \/>\n<a href=\"mailto:nat.nalapko@gmail.com\" target=\"_blank\" rel=\"noopener\">nat.nalapko@gmail.com<\/a><\/p>\n<p><a href=\"mailto:beaumonde@npm.ee\" target=\"_blank\" rel=\"noopener\">beaumonde@npm.ee<\/a><\/p>\n\n\t\t<\/div>\n\t<\/div>\n<h4 style=\"font-size: 16px;color: #000000;line-height: 24px;text-align: left\" class=\"vc_custom_heading spacing03 vc_custom_1610037191109 responsive_js_composer_custom_css_1771336988\" >Working hours<\/h4>\n\t<div class=\"wpb_text_column wpb_content_element  vc_custom_1610963090048 responsive_js_composer_custom_css_434925080\" >\n\t\t<div class=\"wpb_wrapper\">\n\t\t\t<p><span style=\"font-weight: 400;\">M-F 11-19<\/span><br \/>\n<span style=\"font-weight: 400;\">Sat 11-17<\/span><br \/>\n<span style=\"font-weight: 400;\">Sun closed<\/span><\/p>\n\n\t\t<\/div>\n\t<\/div>\n<h4 style=\"font-size: 16px;color: #000000;line-height: 24px;text-align: left\" class=\"vc_custom_heading spacing03 vc_custom_1610962999062 responsive_js_composer_custom_css_2130172936\" >Business details<\/h4>\n\t<div class=\"wpb_text_column wpb_content_element  vc_custom_1610963059677 responsive_js_composer_custom_css_507355856\" >\n\t\t<div class=\"wpb_wrapper\">\n\t\t\t<p>Business name: NPM GRUPP O\u00dc<br \/>\nAddress: S\u00f5stram\u00e4e tn 10, 13816, Tallinn, Estonia<br \/>\n<span style=\"font-weight: 400;\">Register number<\/span>: 10466604<br \/>\n<span style=\"font-weight: 400;\">VAT number<\/span> EE100365483<\/p>\n\n\t\t<\/div>\n\t<\/div>\n<\/div><\/div><\/div><\/div><\/div><\/div><\/div><\/div>\n","protected":false},"excerpt":{"rendered":"Contact us Name* E-mail address* Your Message Contacts Va\u0308ike-Karja 1, Tallinn +372 620 9262 Natalja, Manager nat.nalapko@gmail.com beaumonde@npm.ee Working hours M-F 11-19 Sat 11-17 Sun closed Business details Business name: NPM GRUPP O\u00dc Address: S\u00f5stram\u00e4e tn 10, 13816, Tallinn, Estonia Register number: 10466604 VAT number EE100365483","protected":false},"author":1,"featured_media":0,"parent":0,"menu_order":0,"comment_status":"closed","ping_status":"closed","template":"","meta":[],"_links":{"self":[{"href":"https:\/\/beaumonde.ee\/en\/wp-json\/wp\/v2\/pages\/12913"}],"collection":[{"href":"https:\/\/beaumonde.ee\/en\/wp-json\/wp\/v2\/pages"}],"about":[{"href":"https:\/\/beaumonde.ee\/en\/wp-json\/wp\/v2\/types\/page"}],"author":[{"embeddable":true,"href":"https:\/\/beaumonde.ee\/en\/wp-json\/wp\/v2\/users\/1"}],"replies":[{"embeddable":true,"href":"https:\/\/beaumonde.ee\/en\/wp-json\/wp\/v2\/comments?post=12913"}],"version-history":[{"count":5,"href":"https:\/\/beaumonde.ee\/en\/wp-json\/wp\/v2\/pages\/12913\/revisions"}],"predecessor-version":[{"id":14910,"href":"https:\/\/beaumonde.ee\/en\/wp-json\/wp\/v2\/pages\/12913\/revisions\/14910"}],"wp:attachment":[{"href":"https:\/\/beaumonde.ee\/en\/wp-json\/wp\/v2\/media?parent=12913"}],"curies":[{"name":"wp","href":"https:\/\/api.w.org\/{rel}","templated":true}]}}